{"id":706,"date":"2024-12-09T14:00:10","date_gmt":"2024-12-09T13:00:10","guid":{"rendered":"https:\/\/mmanager.es\/?page_id=706"},"modified":"2024-12-13T17:52:02","modified_gmt":"2024-12-13T16:52:02","slug":"aviso-legal-mmamanger","status":"publish","type":"page","link":"https:\/\/mmanager.es\/index.php\/aviso-legal-mmamanger\/","title":{"rendered":"Aviso Legal"},"content":{"rendered":"\t\t<div data-elementor-type=\"wp-page\" data-elementor-id=\"706\" class=\"elementor elementor-706\">\n\t\t\t\t<div class=\"elementor-element elementor-element-92a5592 e-flex e-con-boxed e-con e-parent\" data-id=\"92a5592\" data-element_type=\"container\" data-e-type=\"container\">\n\t\t\t\t\t<div class=\"e-con-inner\">\n\t\t<div class=\"elementor-element elementor-element-2882b99 e-con-full e-flex e-con e-child\" data-id=\"2882b99\" data-element_type=\"container\" data-e-type=\"container\">\n\t\t\t\t<div class=\"elementor-element elementor-element-4313185 elementor-widget elementor-widget-text-editor\" data-id=\"4313185\" data-element_type=\"widget\" data-e-type=\"widget\" data-widget_type=\"text-editor.default\">\n\t\t\t\t<div class=\"elementor-widget-container\">\n\t\t\t\t\t\t\t\t\t<div class=\"elementor-element elementor-element-3882944 elementor-widget elementor-widget-text-editor\" data-id=\"3882944\" data-element_type=\"widget\" data-widget_type=\"text-editor.default\"><div class=\"elementor-widget-container\"><p><strong>INTRODUCCI\u00d3N<\/strong> <br \/>En este texto legal los usuarios de la web podr\u00e1n encontrar la informaci\u00f3n que les permitir\u00e1n identificar a la persona responsable de esta, as\u00ed como la informaci\u00f3n relativa a la p\u00e1gina web y a las actividades desarrolladas.<\/p><p><strong>IDENTIFICACI\u00d3N DE LA RESPONSABLE DE LA P\u00c1GINA WEB<\/strong><br \/>De acuerdo con lo indicado en la Ley 34\/2002 de Servicios de la Sociedad de la Informaci\u00f3n y del Comercio Electr\u00f3nico (LSSICE), ponemos la siguiente informaci\u00f3n a disposici\u00f3n de los usuarios de la web:<\/p><p>\u2022 Responsable de la web: Marcos Mu\u00f1oz<br \/>\u2022 NIF: 34993831 K<br \/>\u2022 Direcci\u00f3n: Ourense<br \/>\u2022 Correo electr\u00f3nico: info@mmanager.es<br \/>\u2022 Actividad desarrollada: Prestaci\u00f3n de servicios de representaci\u00f3n, asesoramiento y gesti\u00f3n integral para carreras deportivas y servicios relacionados.<\/p><p><strong>PROP\u00d3SITO DEL AVISO LEGAL<\/strong><br \/>El prop\u00f3sito y objeto del presente aviso legal es regular el acceso, navegaci\u00f3n y uso del sitio web, reserv\u00e1ndose el responsable de este el derecho a modificar la apariencia, contenido y configuraci\u00f3n de la web y las condiciones necesarias para el acceso y navegaci\u00f3n. Una vez realizadas las modificaciones en la web, el acceso y utilizaci\u00f3n del sitio implicar\u00e1 la aceptaci\u00f3n por parte de los usuarios de los cambios producidos. <br \/>El responsable del sitio web se reserva igualmente el derecho a modificar los t\u00e9rminos de este aviso legal, total o parcialmente, y a publicar los cambios en este mismo medio y en los medios adicionales que se consideren apropiados para informar a los usuarios. <br \/>Este aviso legal tendr\u00e1 por objeto tambi\u00e9n informar a los usuarios sobre sus obligaciones y derechos en relaci\u00f3n con los contenidos publicados en el sitio, as\u00ed como en lo referente al uso de marcas, logotipos, im\u00e1genes o textos, y sobre las responsabilidades que deber\u00e1n asumir quienes accedan a la web y la utilicen.<\/p><p><strong>DATOS PERSONALES QUE RECOGE LA WEB<\/strong><br \/>Respecto a la pol\u00edtica de protecci\u00f3n de datos aplicada por el responsable de la web en relaci\u00f3n con la informaci\u00f3n con datos personales que pudiera ser facilitada por los usuarios del sitio web a trav\u00e9s de las v\u00edas de contacto habilitadas se puede leer para m\u00e1s informaci\u00f3n lo indicado en la Pol\u00edtica de Privacidad.<\/p><p><strong>COMPROMISOS Y OBLIGACIONES DE LOS USUARIOS<\/strong><br \/>Los usuarios de la web quedan informados, y aceptan, que el simple acceso a la presente p\u00e1gina web no supone el inicio de una relaci\u00f3n de prestaci\u00f3n de servicios. Los usuarios se comprometen a utilizar el sitio web y sus servicios y contenidos sin vulnerar la legislaci\u00f3n vigente aplicable, la buena f\u00e9 y el orden p\u00fablico.<br \/>Queda prohibido el uso de la web con fines il\u00edcitos o lesivos, o que de cualquier forma pudieran causar perjuicio o impedir el normal funcionamiento del sitio web. Respecto de los contenidos de la web se proh\u00edbe concretamente:<br \/>\u2022 Su reproducci\u00f3n, distribuci\u00f3n o modificaci\u00f3n, total o parcial, a menos que se cuente con la autorizaci\u00f3n de la responsable del servicio de fisioterapia como leg\u00edtima titular.<br \/>\u2022 Cualquier vulneraci\u00f3n de los derechos del prestador o de la responsable como leg\u00edtima titular.<br \/>\u2022 Su utilizaci\u00f3n para fines comerciales o publicitarios.<br \/>En la utilizaci\u00f3n de la web www.mmanager.es, los usuarios se comprometen a no llevar a cabo ninguna conducta que pudiera da\u00f1ar la imagen, los intereses y los derechos de la titular del sitio o de terceros o que pudiera da\u00f1ar, inutilizar o sobrecargar el portal www.mmanager.es o que impidiera, de cualquier forma, la normal utilizaci\u00f3n de la web.<br \/>Los usuarios deben ser conscientes de que las medidas de seguridad de los sistemas inform\u00e1ticos en Internet no son completamente fiables y www.mmanager.es no puede garantizar la inexistencia de malware u otros elementos en la red que puedan producir alteraciones en los sistemas inform\u00e1ticos (software y hardware) de los usuarios o en sus documentos electr\u00f3nicos y archivos contenidos en los mismos, aunque se han dispuesto los medios necesarios y las medidas de seguridad oportunas para evitar la presencia de estos elementos da\u00f1inos.<\/p><p><strong>PROPIEDAD INTELECTUAL E INDUSTRIAL<\/strong><br \/>Marcos Mu\u00f1oz es leg\u00edtimo titular o dispone de las licencias oportunas relacionadas con los derechos de explotaci\u00f3n de propiedad intelectual e industrial asociados al sitio web y de los contenidos incluidos en este, incluyendo textos, logotipos, marcas, fotograf\u00edas, ilustraciones, dibujos, gr\u00e1ficos, dise\u00f1os o cualquier otro tipo de contenido. <br \/>La posibilidad de que los usuarios accedan al sitio y naveguen por este no implicar\u00e1 en ning\u00fan caso la transmisi\u00f3n, renuncia o cesi\u00f3n total o parcial de los derechos de la titular del sitio. Los usuarios tendr\u00e1n un derecho de uso respecto de los contenidos de sitio web y siempre que se desarrolle de acuerdo con los t\u00e9rminos indicados en este aviso legal.<br \/>Las marcas, nombres comerciales o signos distintivos registrados, ya sea por la propia titular de la web o por terceros, no podr\u00e1n ser usados sin el consentimiento de sus leg\u00edtimos propietarios, y el simple acceso al sitio web o la navegaci\u00f3n no otorgar\u00e1n a los usuarios derecho alguno sobre los contenidos incluidos en este.<br \/>No se podr\u00e1n modificar, copiar, reproducir, publicar, transformar o distribuir sin autorizaci\u00f3n para fines p\u00fablicos o comerciales, total o parcialmente, y por cualquier medio los contenidos incluidos en el sitio web.<br \/>No se podr\u00e1n suprimir ni manipular o modificar los datos identificativos de los titulares de los contenidos del sitio web, ni los mecanismos de protecci\u00f3n incorporados a estos.<br \/>Los usuarios ser\u00e1n responsables de cualquier informaci\u00f3n enviada a trav\u00e9s de los medios de contacto y canales habilitados por el sitio web y asumen el compromiso de que tienen derecho a hacerlo y de que con ello no infringen los derechos de propiedad intelectual e industrial de terceros y de que la informaci\u00f3n transmitida no es confidencial ni implica la vulneraci\u00f3n de ning\u00fan secreto profesional ni perjuicio alguno para terceros. <br \/>Los usuarios ser\u00e1n responsables de la exactitud, legalidad y titularidad de cualquier comunicaci\u00f3n realizada a trav\u00e9s de los medios dispuestos en el sitio web y se comprometen a notificar de forma inmediata la existencia de cualquier contenido ilegal o il\u00edcito del que tuvieran conocimiento que pudiera suponer una infracci\u00f3n de los derechos de propiedad intelectual de la titular de la web o de terceros. <br \/>Los usuarios que consideren que sus propios derechos de propiedad intelectual o industrial est\u00e1n siendo vulnerados por alguno de los contenidos del sitio web podr\u00e1n contactar con la responsable del sitio enviando un correo electr\u00f3nico a la direcci\u00f3n info@mmanager.es y detallando en este toda la informaci\u00f3n necesaria relacionada con su reclamaci\u00f3n, y espec\u00edficamente la identidad del reclamante, los documentos acreditativos de la titularidad, la descripci\u00f3n de la infracci\u00f3n cometida, y la ausencia de autorizaci\u00f3n para el uso de los derechos.<\/p><p><strong>MEDIDAS DE SEGURIDAD<\/strong><br \/>Los datos personales que pudieran ser comunicados a trav\u00e9s del sitio web por los usarios podr\u00edan ser almacenados en bases de datos automatizadas o no, cuya titularidad corresponde en exclusiva al responsable de la actividad, que ha asumido todas las medidas de \u00edndole t\u00e9cnica, organizativa y de seguridad que garantizan la confidencialidad, integridad y calidad de la informaci\u00f3n contenida en las mismas y de acuerdo con lo indicado en la normativa vigente aplicable en materia de protecci\u00f3n de datos. <br \/>La comunicaci\u00f3n entre los usuarios y la web www.mmanager.es utiliza un canal seguro, y los datos transmitidos son cifrados gracias a protocolos https. Se garantizan por tanto las mejores condiciones de seguridad para que la confidencialidad de los usuarios est\u00e9 garantizada en todo momento.<\/p><p><strong>ENLACES A SITIOS WEB DE TERCEROS<\/strong> <br \/>La p\u00e1gina www.mmanager.es podr\u00eda proporcionar enlaces a otros sitios, p\u00e1ginas web, canales, redes sociales y contenidos que son propiedad de terceros. El \u00fanico objetivo de estos enlaces a otros sitios, p\u00e1ginas, canales o redes sociales es proporcionar una utilidad a los usuarios de la web con una finalidad exclusivamente informativa, y la posibilidad de acceder a sitios web relacionados con acuerdos y colaboraciones entre la titular de la web y otras entidades o empresas, como en el caso de los enlaces a los propios sitios web de las empresas y organizaciones colaboradoras. Marcos Mu\u00f1oz no se responsabiliza en ning\u00fan caso de los resultados que se pudieran derivar para los usuarios con motivo del acceso a los enlaces externos referidos cuando los sitios accedidos sean gestionados por terceros. La informaci\u00f3n que se pudiera proporcionar en los enlaces indicados est\u00e1 sujeta a las pol\u00edticas de privacidad espec\u00edficas que se utilicen en dichos sitios web, redes sociales y canales y no est\u00e1 sujeta a la pol\u00edtica de privacidad de este sitio web. Por esta raz\u00f3n se recomienda a los usuarios que para m\u00e1s informaci\u00f3n revisen con detalle las pol\u00edticas de privacidad propias y espec\u00edficas de las redes, canales y sitios web enlazados.<br \/>Cualquier enlace de otros sitios con esta p\u00e1gina web requerir\u00e1 de la autorizaci\u00f3n expresa y formal previa de la titular y propietaria del portal www.mmanager.es<\/p><p><strong>ENLACES A REDES SOCIALES<\/strong><br \/>Se podr\u00eda facilitar a los usuarios medios de enlace en el sitio web que permiten que estos puedan acceder a plataformas y redes sociales gestionadas por terceros (Facebook, LinkedIn, Twitter, Instragram, YouTube, etc.). <br \/>Este tipo de funcionalidades de enlace no supone la existencia de una relaci\u00f3n mercantil entre la responsable del sitio web y esas plataformas o redes sociales ni tampoco la aceptaci\u00f3n y aprobaci\u00f3n por parte de la titular del sitio web de los contenidos y servicios de estas, siendo el propietario de dichas plataformas y redes el responsable de dichos contenidos y servicios.<br \/>No se compartir\u00e1 en ning\u00fan caso con plataformas y redes sociales gestionadas por terceros datos personales o informaci\u00f3n confidencial de los usuarios del sitio web, y estos ser\u00e1n los responsables de la informaci\u00f3n que deseen proporcionar a las plataformas o redes sociales, sin que la titular de la web intervenga en ese proceso.<br \/>El acceso de los usuarios a plataformas y redes sociales podr\u00eda implicar procesos de identificaci\u00f3n y autenticaci\u00f3n, que son ajenos a Marcos Mu\u00f1oz y est\u00e1n fuera de su control, de modo que no ser\u00e1 responsable de la configuraci\u00f3n de seguridad de dichas plataformas y redes sociales ni de los fallos o vulnerabilidades de su entorno.<br \/>Los usuarios reconocen y aceptan que Marcos Mu\u00f1oz no ser\u00e1 responsable de los contenidos y servicios a los que estos accedan en dichas plataformas y redes sociales, incluyendo contenido publicitario o promocional, y ser\u00e1n los responsables del uso que realicen de los contenidos y servicios, as\u00ed como de la informaci\u00f3n propia o de terceros que compartan por iniciativa propia.<\/p><p><strong>ENLACES DESDE SITIOS WEB DE TERCEROS<\/strong><br \/>El titular del sitio no autoriza que se establezcan enlaces a esta web desde p\u00e1ginas que contengan o pudieran contener informaci\u00f3n o contenidos il\u00edcitos o ilegales, y en general cualquier contenido contrario a las leyes, la moral o el orden p\u00fablico, o a las normas sociales generalmente aceptadas.<br \/>Los enlaces al sitio web desde p\u00e1ginas gestionadas por terceros estar\u00e1n sujetos a la aprobaci\u00f3n previa por parte Marcos Mu\u00f1oz, que ante la imposibilidad de controlar toda la informaci\u00f3n, contenidos y servicios que se pudieran incluir en los sitios web enlazados propiedad de terceros, no asume ninguna responsabilidad respecto de los contenidos, productos o servicios de dichos sitios y se reserva la facultad de rescindir cualquier acuerdo relacionado con los enlaces desde otros sitios cuando considere que incumplen con las condiciones anteriormente indicadas o que vulneran los intereses propios de la fundaci\u00f3n y\/o son incompatibles con sus fines.<\/p><p><strong>USO DE PERFILES EN REDES SOCIALES<\/strong><br \/>Marcos Mu\u00f1oz informa de modo espec\u00edfico sobre los derechos y obligaciones de los usuarios que visitan los perfiles oficiales que pudiera tener la cl\u00ednica en redes sociales como Facebook, LinkedIn, Twitter, Instragram, etc.<br \/>El titular del sitio web no ser\u00e1 responsable de las actuaciones de los usuarios en determinadas situaciones relacionadas con su interacci\u00f3n a trav\u00e9s de los perfiles oficiales en redes sociales, debiendo estos asumir las responsabilidades que se pudieran derivar de dichas actuaciones, y en concreto en relaci\u00f3n con las siguientes situaciones:<br \/>\u2022 De informaciones publicadas en redes sociales que no hubieran sido publicadas ni compartidas por el titular del sitio o que hubieran sido publicadas por terceros ajenos al titular<br \/>\u2022 Cuando una red social no est\u00e9 operativa por causas t\u00e9cnicas imputables a su propietario, a terceros o a causas de fuerza mayor<br \/>\u2022 En el caso de modificaciones de las condiciones de uso y pol\u00edticas de privacidad de las redes sociales realizadas por la propia red social, que ser\u00e1 la responsable en este caso<br \/>\u2022 Cuando los usuarios publiquen, difundan o distribuyan contenido difamatorio, injuriosos, discriminario, que incite a la violencia o que sea contrario a las leyes, la moral o el orden p\u00fablico, los derechos fundamentales y las libertades p\u00fablicas<br \/>\u2022 Cuando los usuarios utilicen las redes sociales para introducir virus o c\u00f3digos maliciosos<\/p><p>Marcos Mu\u00f1oz se compromete a retirar cualquier contenido que sea accesible en sus perfiles en redes sociales que fuera contrario a la normativa vigente, de forma inmediata y en cuanto tenga conocimiento de la situaci\u00f3n.<\/p><p>Marcos Mu\u00f1oz podr\u00e1 advertir y tomar las medidas oportunas para suspender y expulsar o bloquear a los usuarios que env\u00eden o difundan contenido inapropiado, pudiendo adoptar la decisi\u00f3n de impedir el uso del perfil social con car\u00e1cter indefinido en los casos de reiteraci\u00f3n en la conducta.<\/p><p>No se garantiza la veracidad, fiabilidad, vigencia e integridad de los contenidos de terceros subidos a los perfiles en redes sociales y la titular del sitio web no se identificar\u00e1 necesariamente con las opiniones, recomendaciones o manifestaciones de terceros. Ser\u00e1 responsabilidad de los usuarios valorar la informaci\u00f3n publicada en las redes sociales y asumir las consecuencias derivadas de las decisiones adoptadas en base a esa informaci\u00f3n.<br \/>El titular del sitio web utilizar\u00e1 sus perfiles oficiales en redes sociales para la difusi\u00f3n de las actividades que le son propias y para informar sobre eventos, proyectos, actos y asuntos de inter\u00e9s general.<\/p><p><strong>PLATAFORMA PARA LA RESOLUCI\u00d3N DE CONFLICTOS<\/strong><br \/>Se pone a disposici\u00f3n de los usuarios la plataforma de resoluci\u00f3n de litigios que facilita la Comisi\u00f3n Europea y que se encuentra disponible en el siguiente enlace: https:\/\/ec.europa.eu\/consumers\/odr\/<\/p><p><strong>EXCLUSI\u00d3N DE GARANT\u00cdAS Y RESPONSABILIDAD<\/strong><br \/>Marcos Mu\u00f1oz no otorga ninguna garant\u00eda ni se hace responsable, en ning\u00fan caso, de los da\u00f1os y perjuicios de cualquier naturaleza que pudieran venir causados por:<br \/>\u2022 La falta de disponibilidad, mantenimiento y efectivo funcionamiento de la p\u00e1gina web, o de sus servicios y contenidos;<br \/>\u2022 La existencia de malware, programas maliciosos o lesivos de los contenidos;<br \/>\u2022 El uso il\u00edcito, negligente, fraudulento o contrario a este Aviso Legal;<br \/>\u2022 La falta de licitud, calidad, fiabilidad, utilidad y disponibilidad de los servicios prestados por terceros y puestos a disposici\u00f3n de los usuarios en el sitio web;<br \/>\u2022 No se hace responsable bajo ning\u00fan concepto de los da\u00f1os que pudieran dimanar del uso ilegal o indebido de la presente p\u00e1gina web.<\/p><p><strong>LEY APLICABLE Y JURISDICCI\u00d3N<\/strong><br \/>Las relaciones entre la titular del sitio web y los usuarios de sus servicios telem\u00e1ticos presentes en esta web se encuentran sujetas con car\u00e1cter general a la legislaci\u00f3n y jurisdicci\u00f3n espa\u00f1olas y a los tribunales de la provincia de Ourense.<br \/>Para cualquier duda o consulta sobre las presentes condiciones legales los usuarios pueden contactar en el correo info@mmanager.es<\/p><p>Aviso Legal actualizado con fecha de 11 de diciembre de 2024<\/p><\/div><\/div>\t\t\t\t\t\t\t\t<\/div>\n\t\t\t\t<\/div>\n\t\t\t\t<\/div>\n\t\t\t\t\t<\/div>\n\t\t\t\t<\/div>\n\t\t\t\t<\/div>\n\t\t","protected":false},"excerpt":{"rendered":"<p>INTRODUCCI\u00d3N En este texto legal los usuarios de la web podr\u00e1n encontrar la informaci\u00f3n que les permitir\u00e1n identificar a la persona responsable de esta, as\u00ed como la informaci\u00f3n relativa a la p\u00e1gina web y a las actividades desarrolladas. IDENTIFICACI\u00d3N DE LA RESPONSABLE DE LA P\u00c1GINA WEBDe acuerdo con lo indicado en la Ley 34\/2002 de [&hellip;]<\/p>\n","protected":false},"author":2,"featured_media":0,"parent":0,"menu_order":0,"comment_status":"closed","ping_status":"closed","template":"","meta":{"ocean_post_layout":"","ocean_both_sidebars_style":"","ocean_both_sidebars_content_width":0,"ocean_both_sidebars_sidebars_width":0,"ocean_sidebar":"","ocean_second_sidebar":"","ocean_disable_margins":"enable","ocean_add_body_class":"","ocean_shortcode_before_top_bar":"","ocean_shortcode_after_top_bar":"","ocean_shortcode_before_header":"","ocean_shortcode_after_header":"","ocean_has_shortcode":"","ocean_shortcode_after_title":"","ocean_shortcode_before_footer_widgets":"","ocean_shortcode_after_footer_widgets":"","ocean_shortcode_before_footer_bottom":"","ocean_shortcode_after_footer_bottom":"","ocean_display_top_bar":"default","ocean_display_header":"default","ocean_header_style":"","ocean_center_header_left_menu":"","ocean_custom_header_template":"","ocean_custom_logo":0,"ocean_custom_retina_logo":0,"ocean_custom_logo_max_width":0,"ocean_custom_logo_tablet_max_width":0,"ocean_custom_logo_mobile_max_width":0,"ocean_custom_logo_max_height":0,"ocean_custom_logo_tablet_max_height":0,"ocean_custom_logo_mobile_max_height":0,"ocean_header_custom_menu":"","ocean_menu_typo_font_family":"","ocean_menu_typo_font_subset":"","ocean_menu_typo_font_size":0,"ocean_menu_typo_font_size_tablet":0,"ocean_menu_typo_font_size_mobile":0,"ocean_menu_typo_font_size_unit":"px","ocean_menu_typo_font_weight":"","ocean_menu_typo_font_weight_tablet":"","ocean_menu_typo_font_weight_mobile":"","ocean_menu_typo_transform":"","ocean_menu_typo_transform_tablet":"","ocean_menu_typo_transform_mobile":"","ocean_menu_typo_line_height":0,"ocean_menu_typo_line_height_tablet":0,"ocean_menu_typo_line_height_mobile":0,"ocean_menu_typo_line_height_unit":"","ocean_menu_typo_spacing":0,"ocean_menu_typo_spacing_tablet":0,"ocean_menu_typo_spacing_mobile":0,"ocean_menu_typo_spacing_unit":"","ocean_menu_link_color":"","ocean_menu_link_color_hover":"","ocean_menu_link_color_active":"","ocean_menu_link_background":"","ocean_menu_link_hover_background":"","ocean_menu_link_active_background":"","ocean_menu_social_links_bg":"","ocean_menu_social_hover_links_bg":"","ocean_menu_social_links_color":"","ocean_menu_social_hover_links_color":"","ocean_disable_title":"default","ocean_disable_heading":"default","ocean_post_title":"","ocean_post_subheading":"","ocean_post_title_style":"","ocean_post_title_background_color":"","ocean_post_title_background":0,"ocean_post_title_bg_image_position":"","ocean_post_title_bg_image_attachment":"","ocean_post_title_bg_image_repeat":"","ocean_post_title_bg_image_size":"","ocean_post_title_height":0,"ocean_post_title_bg_overlay":0.5,"ocean_post_title_bg_overlay_color":"","ocean_disable_breadcrumbs":"default","ocean_breadcrumbs_color":"","ocean_breadcrumbs_separator_color":"","ocean_breadcrumbs_links_color":"","ocean_breadcrumbs_links_hover_color":"","ocean_display_footer_widgets":"default","ocean_display_footer_bottom":"default","ocean_custom_footer_template":"","footnotes":""},"class_list":["post-706","page","type-page","status-publish","hentry","entry"],"_links":{"self":[{"href":"https:\/\/mmanager.es\/index.php\/wp-json\/wp\/v2\/pages\/706","targetHints":{"allow":["GET"]}}],"collection":[{"href":"https:\/\/mmanager.es\/index.php\/wp-json\/wp\/v2\/pages"}],"about":[{"href":"https:\/\/mmanager.es\/index.php\/wp-json\/wp\/v2\/types\/page"}],"author":[{"embeddable":true,"href":"https:\/\/mmanager.es\/index.php\/wp-json\/wp\/v2\/users\/2"}],"replies":[{"embeddable":true,"href":"https:\/\/mmanager.es\/index.php\/wp-json\/wp\/v2\/comments?post=706"}],"version-history":[{"count":6,"href":"https:\/\/mmanager.es\/index.php\/wp-json\/wp\/v2\/pages\/706\/revisions"}],"predecessor-version":[{"id":826,"href":"https:\/\/mmanager.es\/index.php\/wp-json\/wp\/v2\/pages\/706\/revisions\/826"}],"wp:attachment":[{"href":"https:\/\/mmanager.es\/index.php\/wp-json\/wp\/v2\/media?parent=706"}],"curies":[{"name":"wp","href":"https:\/\/api.w.org\/{rel}","templated":true}]}}